{"id":1135,"date":"2023-06-26T23:56:19","date_gmt":"2023-06-27T04:56:19","guid":{"rendered":"https:\/\/insahersas.com\/?page_id=1135"},"modified":"2025-06-20T10:53:41","modified_gmt":"2025-06-20T15:53:41","slug":"trabaja-con-nosotros","status":"publish","type":"page","link":"https:\/\/insahersas.com\/en\/trabaja-con-nosotros\/","title":{"rendered":"TRABAJA CON NOSOTROS"},"content":{"rendered":"\t\t<div data-elementor-type=\"wp-page\" data-elementor-id=\"1135\" class=\"elementor elementor-1135\" data-elementor-post-type=\"page\">\n\t\t\t\t\t\t<section class=\"elementor-section elementor-top-section elementor-element elementor-element-ed33247 elementor-section-full_width elementor-section-stretched elementor-section-height-default elementor-section-height-default\" data-id=\"ed33247\" data-element_type=\"section\" data-settings=\"{&quot;stretch_section&quot;:&quot;section-stretched&quot;,&quot;background_background&quot;:&quot;classic&quot;}\">\n\t\t\t\t\t\t<div class=\"elementor-container elementor-column-gap-default\">\n\t\t\t\t\t<div class=\"elementor-column elementor-col-100 elementor-top-column elementor-element elementor-element-077304b\" data-id=\"077304b\" data-element_type=\"column\">\n\t\t\t<div class=\"elementor-widget-wrap elementor-element-populated\">\n\t\t\t\t\t\t<div class=\"elementor-element elementor-element-23acc59 elementor-widget elementor-widget-heading\" data-id=\"23acc59\" data-element_type=\"widget\" data-widget_type=\"heading.default\">\n\t\t\t\t<div class=\"elementor-widget-container\">\n\t\t\t\t\t<h2 class=\"elementor-heading-title elementor-size-default\">TRABAJA CON NOSOTROS<\/h2>\t\t\t\t<\/div>\n\t\t\t\t<\/div>\n\t\t\t\t\t<\/div>\n\t\t<\/div>\n\t\t\t\t\t<\/div>\n\t\t<\/section>\n\t\t\t\t<section class=\"elementor-section elementor-top-section elementor-element elementor-element-d1b135d elementor-section-stretched elementor-section-boxed elementor-section-height-default elementor-section-height-default\" data-id=\"d1b135d\" data-element_type=\"section\" data-settings=\"{&quot;stretch_section&quot;:&quot;section-stretched&quot;,&quot;background_background&quot;:&quot;classic&quot;}\">\n\t\t\t\t\t\t<div class=\"elementor-container elementor-column-gap-wider\">\n\t\t\t\t\t<div class=\"elementor-column elementor-col-100 elementor-top-column elementor-element elementor-element-ebc5d3f\" data-id=\"ebc5d3f\" data-element_type=\"column\">\n\t\t\t<div class=\"elementor-widget-wrap elementor-element-populated\">\n\t\t\t\t\t\t<section class=\"elementor-section elementor-inner-section elementor-element elementor-element-220aac0 elementor-section-boxed elementor-section-height-default elementor-section-height-default\" data-id=\"220aac0\" data-element_type=\"section\">\n\t\t\t\t\t\t<div class=\"elementor-container elementor-column-gap-default\">\n\t\t\t\t\t<div class=\"elementor-column elementor-col-33 elementor-inner-column elementor-element elementor-element-786bd2f\" data-id=\"786bd2f\" data-element_type=\"column\">\n\t\t\t<div class=\"elementor-widget-wrap\">\n\t\t\t\t\t\t\t<\/div>\n\t\t<\/div>\n\t\t\t\t<div class=\"elementor-column elementor-col-33 elementor-inner-column elementor-element elementor-element-bdecc00\" data-id=\"bdecc00\" data-element_type=\"column\">\n\t\t\t<div class=\"elementor-widget-wrap elementor-element-populated\">\n\t\t\t\t\t\t<div class=\"elementor-element elementor-element-3d81b42 elementor-widget elementor-widget-heading\" data-id=\"3d81b42\" data-element_type=\"widget\" data-widget_type=\"heading.default\">\n\t\t\t\t<div class=\"elementor-widget-container\">\n\t\t\t\t\t<h2 class=\"elementor-heading-title elementor-size-default\">Deposita tu <b> confianza<\/b> en nuestra amplia experiencia y enfoque profesional, para asegurarte el m\u00e1s destacado <b>servicio de alimentaci\u00f3n<\/b> institucional para tu empresa.\n<\/h2>\t\t\t\t<\/div>\n\t\t\t\t<\/div>\n\t\t\t\t<div class=\"elementor-element elementor-element-5a51c7a elementor-widget elementor-widget-spacer\" data-id=\"5a51c7a\" data-element_type=\"widget\" data-widget_type=\"spacer.default\">\n\t\t\t\t<div class=\"elementor-widget-container\">\n\t\t\t\t\t\t\t<div class=\"elementor-spacer\">\n\t\t\t<div class=\"elementor-spacer-inner\"><\/div>\n\t\t<\/div>\n\t\t\t\t\t\t<\/div>\n\t\t\t\t<\/div>\n\t\t\t\t\t<\/div>\n\t\t<\/div>\n\t\t\t\t<div class=\"elementor-column elementor-col-33 elementor-inner-column elementor-element elementor-element-29ba72d\" data-id=\"29ba72d\" data-element_type=\"column\">\n\t\t\t<div class=\"elementor-widget-wrap\">\n\t\t\t\t\t\t\t<\/div>\n\t\t<\/div>\n\t\t\t\t\t<\/div>\n\t\t<\/section>\n\t\t\t\t<div class=\"elementor-element elementor-element-8c1c793 elementor-widget elementor-widget-spacer\" data-id=\"8c1c793\" data-element_type=\"widget\" data-widget_type=\"spacer.default\">\n\t\t\t\t<div class=\"elementor-widget-container\">\n\t\t\t\t\t\t\t<div class=\"elementor-spacer\">\n\t\t\t<div class=\"elementor-spacer-inner\"><\/div>\n\t\t<\/div>\n\t\t\t\t\t\t<\/div>\n\t\t\t\t<\/div>\n\t\t\t\t<section class=\"elementor-section elementor-inner-section elementor-element elementor-element-967af74 elementor-section-boxed elementor-section-height-default elementor-section-height-default\" data-id=\"967af74\" data-element_type=\"section\">\n\t\t\t\t\t\t<div class=\"elementor-container elementor-column-gap-default\">\n\t\t\t\t\t<div class=\"elementor-column elementor-col-50 elementor-inner-column elementor-element elementor-element-3aaa088\" data-id=\"3aaa088\" data-element_type=\"column\">\n\t\t\t<div class=\"elementor-widget-wrap elementor-element-populated\">\n\t\t\t\t\t\t<div class=\"elementor-element elementor-element-76abd5d elementor-widget elementor-widget-image\" data-id=\"76abd5d\" data-element_type=\"widget\" data-widget_type=\"image.default\">\n\t\t\t\t<div class=\"elementor-widget-container\">\n\t\t\t\t\t\t\t\t\t\t\t\t\t\t\t<img fetchpriority=\"high\" decoding=\"async\" width=\"750\" height=\"580\" src=\"https:\/\/insahersas.com\/wp-content\/uploads\/2023\/05\/nosotros-inversiones-sandoval.png\" class=\"attachment-large size-large wp-image-762\" alt=\"\" srcset=\"https:\/\/insahersas.com\/wp-content\/uploads\/2023\/05\/nosotros-inversiones-sandoval.png 750w, https:\/\/insahersas.com\/wp-content\/uploads\/2023\/05\/nosotros-inversiones-sandoval-300x232.png 300w, https:\/\/insahersas.com\/wp-content\/uploads\/2023\/05\/nosotros-inversiones-sandoval-97x75.png 97w, https:\/\/insahersas.com\/wp-content\/uploads\/2023\/05\/nosotros-inversiones-sandoval-480x371.png 480w\" sizes=\"(max-width:767px) 480px, 750px\" \/>\t\t\t\t\t\t\t\t\t\t\t\t\t\t\t<\/div>\n\t\t\t\t<\/div>\n\t\t\t\t\t<\/div>\n\t\t<\/div>\n\t\t\t\t<div class=\"elementor-column elementor-col-50 elementor-inner-column elementor-element elementor-element-8d5d268\" data-id=\"8d5d268\" data-element_type=\"column\" data-settings=\"{&quot;background_background&quot;:&quot;classic&quot;}\">\n\t\t\t<div class=\"elementor-widget-wrap elementor-element-populated\">\n\t\t\t\t\t\t<div class=\"elementor-element elementor-element-4f5703e elementor-button-align-stretch elementor-widget elementor-widget-form\" data-id=\"4f5703e\" data-element_type=\"widget\" data-settings=\"{&quot;step_next_label&quot;:&quot;Next&quot;,&quot;step_previous_label&quot;:&quot;Previous&quot;,&quot;button_width&quot;:&quot;100&quot;,&quot;step_type&quot;:&quot;number_text&quot;,&quot;step_icon_shape&quot;:&quot;circle&quot;}\" data-widget_type=\"form.default\">\n\t\t\t\t<div class=\"elementor-widget-container\">\n\t\t\t\t\t\t\t<form class=\"elementor-form\" method=\"post\" name=\"New Form\">\n\t\t\t<input type=\"hidden\" name=\"post_id\" value=\"1135\"\/>\n\t\t\t<input type=\"hidden\" name=\"form_id\" value=\"4f5703e\"\/>\n\t\t\t<input type=\"hidden\" name=\"referer_title\" value=\"Inversiones Sandoval Hernandez S.A.S\" \/>\n\n\t\t\t\n\t\t\t<div class=\"elementor-form-fields-wrapper elementor-labels-above\">\n\t\t\t\t\t\t\t\t<div class=\"elementor-field-type-text elementor-field-group elementor-column elementor-field-group-name elementor-col-100\">\n\t\t\t\t\t\t\t\t\t\t\t\t\t<input size=\"1\" type=\"text\" name=\"form_fields[name]\" id=\"form-field-name\" class=\"elementor-field elementor-size-sm  elementor-field-textual\" placeholder=\"Nombre completo\">\n\t\t\t\t\t\t\t\t\t\t\t<\/div>\n\t\t\t\t\t\t\t\t<div class=\"elementor-field-type-tel elementor-field-group elementor-column elementor-field-group-email elementor-col-100 elementor-field-required\">\n\t\t\t\t\t\t\t<input size=\"1\" type=\"tel\" name=\"form_fields[email]\" id=\"form-field-email\" class=\"elementor-field elementor-size-sm  elementor-field-textual\" placeholder=\"Tel\u00e9fono\" required=\"required\" aria-required=\"true\" pattern=\"[0-9()#&amp;+*-=.]+\" title=\"Only numbers and phone characters (#, -, *, etc) are accepted.\">\n\n\t\t\t\t\t\t<\/div>\n\t\t\t\t\t\t\t\t<div class=\"elementor-field-type-email elementor-field-group elementor-column elementor-field-group-field_fcef7ce elementor-col-100 elementor-field-required\">\n\t\t\t\t\t\t\t\t\t\t\t\t\t<input size=\"1\" type=\"email\" name=\"form_fields[field_fcef7ce]\" id=\"form-field-field_fcef7ce\" class=\"elementor-field elementor-size-sm  elementor-field-textual\" placeholder=\"Email\" required=\"required\" aria-required=\"true\">\n\t\t\t\t\t\t\t\t\t\t\t<\/div>\n\t\t\t\t\t\t\t\t<div class=\"elementor-field-type-tel elementor-field-group elementor-column elementor-field-group-message elementor-col-100\">\n\t\t\t\t\t\t\t<input size=\"1\" type=\"tel\" name=\"form_fields[message]\" id=\"form-field-message\" class=\"elementor-field elementor-size-sm  elementor-field-textual\" placeholder=\"C\u00e9dula\" pattern=\"[0-9()#&amp;+*-=.]+\" title=\"Only numbers and phone characters (#, -, *, etc) are accepted.\">\n\n\t\t\t\t\t\t<\/div>\n\t\t\t\t\t\t\t\t<div class=\"elementor-field-type-upload elementor-field-group elementor-column elementor-field-group-field_c6b8d48 elementor-col-100 elementor-field-required\">\n\t\t\t\t\t\t\t<input type=\"file\" name=\"form_fields[field_c6b8d48]\" id=\"form-field-field_c6b8d48\" class=\"elementor-field elementor-size-sm  elementor-upload-field\" required=\"required\" aria-required=\"true\">\n\n\t\t\t\t\t\t<\/div>\n\t\t\t\t\t\t\t\t<div class=\"elementor-field-group elementor-column elementor-field-type-submit elementor-col-100 e-form__buttons\">\n\t\t\t\t\t<button type=\"submit\" class=\"elementor-button elementor-size-sm\">\n\t\t\t\t\t\t<span >\n\t\t\t\t\t\t\t\t\t\t\t\t\t\t\t<span class=\" elementor-button-icon\">\n\t\t\t\t\t\t\t\t\t\t\t\t\t\t\t\t\t\t\t\t\t\t\t\t\t\t<\/span>\n\t\t\t\t\t\t\t\t\t\t\t\t\t\t\t\t\t\t\t\t\t\t<span class=\"elementor-button-text\">Enviar<\/span>\n\t\t\t\t\t\t\t\t\t\t\t\t\t<\/span>\n\t\t\t\t\t<\/button>\n\t\t\t\t<\/div>\n\t\t\t<\/div>\n\t\t<\/form>\n\t\t\t\t\t\t<\/div>\n\t\t\t\t<\/div>\n\t\t\t\t\t<\/div>\n\t\t<\/div>\n\t\t\t\t\t<\/div>\n\t\t<\/section>\n\t\t\t\t<div class=\"elementor-element elementor-element-2af16b5 elementor-widget elementor-widget-spacer\" data-id=\"2af16b5\" data-element_type=\"widget\" data-widget_type=\"spacer.default\">\n\t\t\t\t<div class=\"elementor-widget-container\">\n\t\t\t\t\t\t\t<div class=\"elementor-spacer\">\n\t\t\t<div class=\"elementor-spacer-inner\"><\/div>\n\t\t<\/div>\n\t\t\t\t\t\t<\/div>\n\t\t\t\t<\/div>\n\t\t\t\t<div class=\"elementor-element elementor-element-e24b520 elementor-widget elementor-widget-spacer\" data-id=\"e24b520\" data-element_type=\"widget\" data-widget_type=\"spacer.default\">\n\t\t\t\t<div class=\"elementor-widget-container\">\n\t\t\t\t\t\t\t<div class=\"elementor-spacer\">\n\t\t\t<div class=\"elementor-spacer-inner\"><\/div>\n\t\t<\/div>\n\t\t\t\t\t\t<\/div>\n\t\t\t\t<\/div>\n\t\t\t\t\t<\/div>\n\t\t<\/div>\n\t\t\t\t\t<\/div>\n\t\t<\/section>\n\t\t\t\t<section class=\"elementor-section elementor-top-section elementor-element elementor-element-5e4ae4b elementor-section-boxed elementor-section-height-default elementor-section-height-default\" data-id=\"5e4ae4b\" data-element_type=\"section\">\n\t\t\t\t\t\t<div class=\"elementor-container elementor-column-gap-default\">\n\t\t\t\t\t<div class=\"elementor-column elementor-col-100 elementor-top-column elementor-element elementor-element-878016d\" data-id=\"878016d\" data-element_type=\"column\">\n\t\t\t<div class=\"elementor-widget-wrap elementor-element-populated\">\n\t\t\t\t\t\t<div class=\"elementor-element elementor-element-4d0cbcd elementor-shape-rounded elementor-grid-0 e-grid-align-center elementor-widget elementor-widget-social-icons\" data-id=\"4d0cbcd\" data-element_type=\"widget\" data-widget_type=\"social-icons.default\">\n\t\t\t\t<div class=\"elementor-widget-container\">\n\t\t\t\t\t\t\t<div class=\"elementor-social-icons-wrapper elementor-grid\" role=\"list\">\n\t\t\t\t\t\t\t<span class=\"elementor-grid-item\" role=\"listitem\">\n\t\t\t\t\t<a class=\"elementor-icon elementor-social-icon elementor-social-icon-instagram elementor-repeater-item-5374b57\" href=\"https:\/\/www.instagram.com\/insahersas\/\" target=\"_blank\">\n\t\t\t\t\t\t<span class=\"elementor-screen-only\">Instagram<\/span>\n\t\t\t\t\t\t<i class=\"fab fa-instagram\"><\/i>\t\t\t\t\t<\/a>\n\t\t\t\t<\/span>\n\t\t\t\t\t\t\t<span class=\"elementor-grid-item\" role=\"listitem\">\n\t\t\t\t\t<a class=\"elementor-icon elementor-social-icon elementor-social-icon-linkedin elementor-repeater-item-45aab6b\" href=\"https:\/\/www.linkedin.com\/company\/inversiones-sandoval-hernandez\/\" target=\"_blank\">\n\t\t\t\t\t\t<span class=\"elementor-screen-only\">Linkedin<\/span>\n\t\t\t\t\t\t<i class=\"fab fa-linkedin\"><\/i>\t\t\t\t\t<\/a>\n\t\t\t\t<\/span>\n\t\t\t\t\t\t\t<span class=\"elementor-grid-item\" role=\"listitem\">\n\t\t\t\t\t<a class=\"elementor-icon elementor-social-icon elementor-social-icon-whatsapp elementor-repeater-item-7cb010d\" href=\"https:\/\/wa.link\/43bxdw\" target=\"_blank\">\n\t\t\t\t\t\t<span class=\"elementor-screen-only\">Whatsapp<\/span>\n\t\t\t\t\t\t<i class=\"fab fa-whatsapp\"><\/i>\t\t\t\t\t<\/a>\n\t\t\t\t<\/span>\n\t\t\t\t\t<\/div>\n\t\t\t\t\t\t<\/div>\n\t\t\t\t<\/div>\n\t\t\t\t\t<\/div>\n\t\t<\/div>\n\t\t\t\t\t<\/div>\n\t\t<\/section>\n\t\t\t\t<\/div>\n\t\t","protected":false},"excerpt":{"rendered":"<p>TRABAJA CON NOSOTROS Deposita tu confianza en nuestra amplia experiencia y enfoque profesional, para asegurarte el m\u00e1s destacado servicio de alimentaci\u00f3n institucional para tu empresa. Instagram<span class=\"excerpt-hellip\"> [\u2026]<\/span><\/p>\n","protected":false},"author":1,"featured_media":0,"parent":0,"menu_order":0,"comment_status":"open","ping_status":"closed","template":"","meta":{"_joinchat":[],"footnotes":""},"class_list":["post-1135","page","type-page","status-publish","hentry"],"yoast_head":"<!-- This site is optimized with the Yoast SEO plugin v27.2 - https:\/\/yoast.com\/product\/yoast-seo-wordpress\/ -->\n<title>TRABAJA CON NOSOTROS - Inversiones Sandoval Hernandez S.A.S<\/title>\n<meta name=\"robots\" content=\"index, follow, max-snippet:-1, max-image-preview:large, max-video-preview:-1\" \/>\n<link rel=\"canonical\" href=\"https:\/\/insahersas.com\/en\/trabaja-con-nosotros\/\" \/>\n<meta property=\"og:locale\" content=\"en_US\" \/>\n<meta property=\"og:type\" content=\"article\" \/>\n<meta property=\"og:title\" content=\"TRABAJA CON NOSOTROS - Inversiones Sandoval Hernandez S.A.S\" \/>\n<meta property=\"og:description\" content=\"TRABAJA CON NOSOTROS Deposita tu confianza en nuestra amplia experiencia y enfoque profesional, para asegurarte el m\u00e1s destacado servicio de alimentaci\u00f3n institucional para tu empresa. Instagram [\u2026]\" \/>\n<meta property=\"og:url\" content=\"https:\/\/insahersas.com\/en\/trabaja-con-nosotros\/\" \/>\n<meta property=\"og:site_name\" content=\"Inversiones Sandoval Hernandez S.A.S\" \/>\n<meta property=\"article:modified_time\" content=\"2025-06-20T15:53:41+00:00\" \/>\n<meta property=\"og:image\" content=\"https:\/\/insahersas.com\/wp-content\/uploads\/2023\/05\/nosotros-inversiones-sandoval.png\" \/>\n\t<meta property=\"og:image:width\" content=\"750\" \/>\n\t<meta property=\"og:image:height\" content=\"580\" \/>\n\t<meta property=\"og:image:type\" content=\"image\/png\" \/>\n<meta name=\"twitter:card\" content=\"summary_large_image\" \/>\n<meta name=\"twitter:label1\" content=\"Est. reading time\" \/>\n\t<meta name=\"twitter:data1\" content=\"1 minute\" \/>\n<script type=\"application\/ld+json\" class=\"yoast-schema-graph\">{\"@context\":\"https:\/\/schema.org\",\"@graph\":[{\"@type\":\"WebPage\",\"@id\":\"https:\/\/insahersas.com\/trabaja-con-nosotros\/\",\"url\":\"https:\/\/insahersas.com\/trabaja-con-nosotros\/\",\"name\":\"TRABAJA CON NOSOTROS - Inversiones Sandoval Hernandez S.A.S\",\"isPartOf\":{\"@id\":\"https:\/\/insahersas.com\/#website\"},\"primaryImageOfPage\":{\"@id\":\"https:\/\/insahersas.com\/trabaja-con-nosotros\/#primaryimage\"},\"image\":{\"@id\":\"https:\/\/insahersas.com\/trabaja-con-nosotros\/#primaryimage\"},\"thumbnailUrl\":\"https:\/\/insahersas.com\/wp-content\/uploads\/2023\/05\/nosotros-inversiones-sandoval.png\",\"datePublished\":\"2023-06-27T04:56:19+00:00\",\"dateModified\":\"2025-06-20T15:53:41+00:00\",\"breadcrumb\":{\"@id\":\"https:\/\/insahersas.com\/trabaja-con-nosotros\/#breadcrumb\"},\"inLanguage\":\"en-US\",\"potentialAction\":[{\"@type\":\"ReadAction\",\"target\":[\"https:\/\/insahersas.com\/trabaja-con-nosotros\/\"]}]},{\"@type\":\"ImageObject\",\"inLanguage\":\"en-US\",\"@id\":\"https:\/\/insahersas.com\/trabaja-con-nosotros\/#primaryimage\",\"url\":\"https:\/\/insahersas.com\/wp-content\/uploads\/2023\/05\/nosotros-inversiones-sandoval.png\",\"contentUrl\":\"https:\/\/insahersas.com\/wp-content\/uploads\/2023\/05\/nosotros-inversiones-sandoval.png\"},{\"@type\":\"BreadcrumbList\",\"@id\":\"https:\/\/insahersas.com\/trabaja-con-nosotros\/#breadcrumb\",\"itemListElement\":[{\"@type\":\"ListItem\",\"position\":1,\"name\":\"Portada\",\"item\":\"https:\/\/insahersas.com\/\"},{\"@type\":\"ListItem\",\"position\":2,\"name\":\"TRABAJA CON NOSOTROS\"}]},{\"@type\":\"WebSite\",\"@id\":\"https:\/\/insahersas.com\/#website\",\"url\":\"https:\/\/insahersas.com\/\",\"name\":\"Inversiones Sandoval Hernandez S.A.S\",\"description\":\"INSAHER S.A.S. es una empresa s\u00f3lida con unidades de negocio que destacan en administraci\u00f3n de restaurantes, cafeter\u00edas industriales, organizaci\u00f3n de eventos sociales y corporativos, as\u00ed como operaci\u00f3n de congresos y ferias.\",\"publisher\":{\"@id\":\"https:\/\/insahersas.com\/#organization\"},\"potentialAction\":[{\"@type\":\"SearchAction\",\"target\":{\"@type\":\"EntryPoint\",\"urlTemplate\":\"https:\/\/insahersas.com\/?s={search_term_string}\"},\"query-input\":{\"@type\":\"PropertyValueSpecification\",\"valueRequired\":true,\"valueName\":\"search_term_string\"}}],\"inLanguage\":\"en-US\"},{\"@type\":\"Organization\",\"@id\":\"https:\/\/insahersas.com\/#organization\",\"name\":\"Inversiones Sandoval Hernandez S.A.S\",\"url\":\"https:\/\/insahersas.com\/\",\"logo\":{\"@type\":\"ImageObject\",\"inLanguage\":\"en-US\",\"@id\":\"https:\/\/insahersas.com\/#\/schema\/logo\/image\/\",\"url\":\"https:\/\/insahersas.com\/wp-content\/uploads\/2023\/05\/logo-color-inversiones-sandoval-2.png\",\"contentUrl\":\"https:\/\/insahersas.com\/wp-content\/uploads\/2023\/05\/logo-color-inversiones-sandoval-2.png\",\"width\":219,\"height\":103,\"caption\":\"Inversiones Sandoval Hernandez S.A.S\"},\"image\":{\"@id\":\"https:\/\/insahersas.com\/#\/schema\/logo\/image\/\"}}]}<\/script>\n<!-- \/ Yoast SEO plugin. -->","yoast_head_json":{"title":"TRABAJA CON NOSOTROS - Inversiones Sandoval Hernandez S.A.S","robots":{"index":"index","follow":"follow","max-snippet":"max-snippet:-1","max-image-preview":"max-image-preview:large","max-video-preview":"max-video-preview:-1"},"canonical":"https:\/\/insahersas.com\/en\/trabaja-con-nosotros\/","og_locale":"en_US","og_type":"article","og_title":"TRABAJA CON NOSOTROS - Inversiones Sandoval Hernandez S.A.S","og_description":"TRABAJA CON NOSOTROS Deposita tu confianza en nuestra amplia experiencia y enfoque profesional, para asegurarte el m\u00e1s destacado servicio de alimentaci\u00f3n institucional para tu empresa. Instagram [\u2026]","og_url":"https:\/\/insahersas.com\/en\/trabaja-con-nosotros\/","og_site_name":"Inversiones Sandoval Hernandez S.A.S","article_modified_time":"2025-06-20T15:53:41+00:00","og_image":[{"width":750,"height":580,"url":"https:\/\/insahersas.com\/wp-content\/uploads\/2023\/05\/nosotros-inversiones-sandoval.png","type":"image\/png"}],"twitter_card":"summary_large_image","twitter_misc":{"Est. reading time":"1 minute"},"schema":{"@context":"https:\/\/schema.org","@graph":[{"@type":"WebPage","@id":"https:\/\/insahersas.com\/trabaja-con-nosotros\/","url":"https:\/\/insahersas.com\/trabaja-con-nosotros\/","name":"TRABAJA CON NOSOTROS - Inversiones Sandoval Hernandez S.A.S","isPartOf":{"@id":"https:\/\/insahersas.com\/#website"},"primaryImageOfPage":{"@id":"https:\/\/insahersas.com\/trabaja-con-nosotros\/#primaryimage"},"image":{"@id":"https:\/\/insahersas.com\/trabaja-con-nosotros\/#primaryimage"},"thumbnailUrl":"https:\/\/insahersas.com\/wp-content\/uploads\/2023\/05\/nosotros-inversiones-sandoval.png","datePublished":"2023-06-27T04:56:19+00:00","dateModified":"2025-06-20T15:53:41+00:00","breadcrumb":{"@id":"https:\/\/insahersas.com\/trabaja-con-nosotros\/#breadcrumb"},"inLanguage":"en-US","potentialAction":[{"@type":"ReadAction","target":["https:\/\/insahersas.com\/trabaja-con-nosotros\/"]}]},{"@type":"ImageObject","inLanguage":"en-US","@id":"https:\/\/insahersas.com\/trabaja-con-nosotros\/#primaryimage","url":"https:\/\/insahersas.com\/wp-content\/uploads\/2023\/05\/nosotros-inversiones-sandoval.png","contentUrl":"https:\/\/insahersas.com\/wp-content\/uploads\/2023\/05\/nosotros-inversiones-sandoval.png"},{"@type":"BreadcrumbList","@id":"https:\/\/insahersas.com\/trabaja-con-nosotros\/#breadcrumb","itemListElement":[{"@type":"ListItem","position":1,"name":"Portada","item":"https:\/\/insahersas.com\/"},{"@type":"ListItem","position":2,"name":"TRABAJA CON NOSOTROS"}]},{"@type":"WebSite","@id":"https:\/\/insahersas.com\/#website","url":"https:\/\/insahersas.com\/","name":"Sandoval Hernandez Investments S.A.S","description":"INSAHER S.A.S. es una empresa s\u00f3lida con unidades de negocio que destacan en administraci\u00f3n de restaurantes, cafeter\u00edas industriales, organizaci\u00f3n de eventos sociales y corporativos, as\u00ed como operaci\u00f3n de congresos y ferias.","publisher":{"@id":"https:\/\/insahersas.com\/#organization"},"potentialAction":[{"@type":"SearchAction","target":{"@type":"EntryPoint","urlTemplate":"https:\/\/insahersas.com\/?s={search_term_string}"},"query-input":{"@type":"PropertyValueSpecification","valueRequired":true,"valueName":"search_term_string"}}],"inLanguage":"en-US"},{"@type":"Organization","@id":"https:\/\/insahersas.com\/#organization","name":"Sandoval Hernandez Investments S.A.S","url":"https:\/\/insahersas.com\/","logo":{"@type":"ImageObject","inLanguage":"en-US","@id":"https:\/\/insahersas.com\/#\/schema\/logo\/image\/","url":"https:\/\/insahersas.com\/wp-content\/uploads\/2023\/05\/logo-color-inversiones-sandoval-2.png","contentUrl":"https:\/\/insahersas.com\/wp-content\/uploads\/2023\/05\/logo-color-inversiones-sandoval-2.png","width":219,"height":103,"caption":"Inversiones Sandoval Hernandez S.A.S"},"image":{"@id":"https:\/\/insahersas.com\/#\/schema\/logo\/image\/"}}]}},"_links":{"self":[{"href":"https:\/\/insahersas.com\/en\/wp-json\/wp\/v2\/pages\/1135","targetHints":{"allow":["GET"]}}],"collection":[{"href":"https:\/\/insahersas.com\/en\/wp-json\/wp\/v2\/pages"}],"about":[{"href":"https:\/\/insahersas.com\/en\/wp-json\/wp\/v2\/types\/page"}],"author":[{"embeddable":true,"href":"https:\/\/insahersas.com\/en\/wp-json\/wp\/v2\/users\/1"}],"replies":[{"embeddable":true,"href":"https:\/\/insahersas.com\/en\/wp-json\/wp\/v2\/comments?post=1135"}],"version-history":[{"count":13,"href":"https:\/\/insahersas.com\/en\/wp-json\/wp\/v2\/pages\/1135\/revisions"}],"predecessor-version":[{"id":1284,"href":"https:\/\/insahersas.com\/en\/wp-json\/wp\/v2\/pages\/1135\/revisions\/1284"}],"wp:attachment":[{"href":"https:\/\/insahersas.com\/en\/wp-json\/wp\/v2\/media?parent=1135"}],"curies":[{"name":"wp","href":"https:\/\/api.w.org\/{rel}","templated":true}]}}