{"id":97,"date":"2021-08-09T14:38:10","date_gmt":"2021-08-09T14:38:10","guid":{"rendered":"https:\/\/insahersas.com\/?page_id=97"},"modified":"2025-12-09T17:01:43","modified_gmt":"2025-12-09T22:01:43","slug":"contacto-insaher","status":"publish","type":"page","link":"https:\/\/insahersas.com\/en\/contacto-insaher\/","title":{"rendered":"CONTACT"},"content":{"rendered":"<div data-elementor-type=\"wp-page\" data-elementor-id=\"97\" class=\"elementor elementor-97\" data-elementor-post-type=\"page\">\n\t\t\t\t\t\t<section class=\"elementor-section elementor-top-section elementor-element elementor-element-ed33247 elementor-section-full_width elementor-section-stretched elementor-section-height-default elementor-section-height-default\" data-id=\"ed33247\" data-element_type=\"section\" data-settings=\"{&quot;stretch_section&quot;:&quot;section-stretched&quot;,&quot;background_background&quot;:&quot;classic&quot;}\">\n\t\t\t\t\t\t<div class=\"elementor-container elementor-column-gap-default\">\n\t\t\t\t\t<div class=\"elementor-column elementor-col-100 elementor-top-column elementor-element elementor-element-077304b\" data-id=\"077304b\" data-element_type=\"column\">\n\t\t\t<div class=\"elementor-widget-wrap elementor-element-populated\">\n\t\t\t\t\t\t<div class=\"elementor-element elementor-element-23acc59 elementor-widget elementor-widget-heading\" data-id=\"23acc59\" data-element_type=\"widget\" data-widget_type=\"heading.default\">\n\t\t\t\t<div class=\"elementor-widget-container\">\n\t\t\t\t\t<h2 class=\"elementor-heading-title elementor-size-default\">Contacto<\/h2>\t\t\t\t<\/div>\n\t\t\t\t<\/div>\n\t\t\t\t\t<\/div>\n\t\t<\/div>\n\t\t\t\t\t<\/div>\n\t\t<\/section>\n\t\t\t\t<section class=\"elementor-section elementor-top-section elementor-element elementor-element-d1b135d elementor-section-stretched elementor-section-boxed elementor-section-height-default elementor-section-height-default\" data-id=\"d1b135d\" data-element_type=\"section\" data-settings=\"{&quot;stretch_section&quot;:&quot;section-stretched&quot;,&quot;background_background&quot;:&quot;classic&quot;}\">\n\t\t\t\t\t\t<div class=\"elementor-container elementor-column-gap-wider\">\n\t\t\t\t\t<div class=\"elementor-column elementor-col-100 elementor-top-column elementor-element elementor-element-ebc5d3f\" data-id=\"ebc5d3f\" data-element_type=\"column\">\n\t\t\t<div class=\"elementor-widget-wrap elementor-element-populated\">\n\t\t\t\t\t\t<section class=\"elementor-section elementor-inner-section elementor-element elementor-element-220aac0 elementor-section-boxed elementor-section-height-default elementor-section-height-default\" data-id=\"220aac0\" data-element_type=\"section\">\n\t\t\t\t\t\t<div class=\"elementor-container elementor-column-gap-default\">\n\t\t\t\t\t<div class=\"elementor-column elementor-col-33 elementor-inner-column elementor-element elementor-element-786bd2f\" data-id=\"786bd2f\" data-element_type=\"column\">\n\t\t\t<div class=\"elementor-widget-wrap\">\n\t\t\t\t\t\t\t<\/div>\n\t\t<\/div>\n\t\t\t\t<div class=\"elementor-column elementor-col-33 elementor-inner-column elementor-element elementor-element-bdecc00\" data-id=\"bdecc00\" data-element_type=\"column\">\n\t\t\t<div class=\"elementor-widget-wrap elementor-element-populated\">\n\t\t\t\t\t\t<div class=\"elementor-element elementor-element-3d81b42 elementor-widget elementor-widget-heading\" data-id=\"3d81b42\" data-element_type=\"widget\" data-widget_type=\"heading.default\">\n\t\t\t\t<div class=\"elementor-widget-container\">\n\t\t\t\t\t<h2 class=\"elementor-heading-title elementor-size-default\">Conf\u00eda en nuestra <b> experiencia y profesionalismo<\/b> para proporcionar el mejor servicio de <b> alimentaci\u00f3n institucional a tu empresa.<\/b>\n\n<\/h2>\t\t\t\t<\/div>\n\t\t\t\t<\/div>\n\t\t\t\t<div class=\"elementor-element elementor-element-5a51c7a elementor-widget elementor-widget-spacer\" data-id=\"5a51c7a\" data-element_type=\"widget\" data-widget_type=\"spacer.default\">\n\t\t\t\t<div class=\"elementor-widget-container\">\n\t\t\t\t\t\t\t<div class=\"elementor-spacer\">\n\t\t\t<div class=\"elementor-spacer-inner\"><\/div>\n\t\t<\/div>\n\t\t\t\t\t\t<\/div>\n\t\t\t\t<\/div>\n\t\t\t\t\t<\/div>\n\t\t<\/div>\n\t\t\t\t<div class=\"elementor-column elementor-col-33 elementor-inner-column elementor-element elementor-element-29ba72d\" data-id=\"29ba72d\" data-element_type=\"column\">\n\t\t\t<div class=\"elementor-widget-wrap\">\n\t\t\t\t\t\t\t<\/div>\n\t\t<\/div>\n\t\t\t\t\t<\/div>\n\t\t<\/section>\n\t\t\t\t<section class=\"elementor-section elementor-inner-section elementor-element elementor-element-5a246d0 elementor-section-boxed elementor-section-height-default elementor-section-height-default\" data-id=\"5a246d0\" data-element_type=\"section\">\n\t\t\t\t\t\t<div class=\"elementor-container elementor-column-gap-default\">\n\t\t\t\t\t<div class=\"elementor-column elementor-col-33 elementor-inner-column elementor-element elementor-element-2f25a97\" data-id=\"2f25a97\" data-element_type=\"column\">\n\t\t\t<div class=\"elementor-widget-wrap elementor-element-populated\">\n\t\t\t\t\t\t<div class=\"elementor-element elementor-element-18df7f1 elementor-view-default elementor-widget elementor-widget-icon\" data-id=\"18df7f1\" data-element_type=\"widget\" data-widget_type=\"icon.default\">\n\t\t\t\t<div class=\"elementor-widget-container\">\n\t\t\t\t\t\t\t<div class=\"elementor-icon-wrapper\">\n\t\t\t<a class=\"elementor-icon\" href=\"tel:3147746200\">\n\t\t\t<i aria-hidden=\"true\" class=\"fas fa-phone-alt\"><\/i>\t\t\t<\/a>\n\t\t<\/div>\n\t\t\t\t\t\t<\/div>\n\t\t\t\t<\/div>\n\t\t\t\t<div class=\"elementor-element elementor-element-984c9c8 elementor-widget elementor-widget-heading\" data-id=\"984c9c8\" data-element_type=\"widget\" data-widget_type=\"heading.default\">\n\t\t\t\t<div class=\"elementor-widget-container\">\n\t\t\t\t\t<h6 class=\"elementor-heading-title elementor-size-default\"><a href=\"tel:3147746200\">Tel\u00e9fono<\/a><\/h6>\t\t\t\t<\/div>\n\t\t\t\t<\/div>\n\t\t\t\t<div class=\"elementor-element elementor-element-ca86edb elementor-widget elementor-widget-heading\" data-id=\"ca86edb\" data-element_type=\"widget\" data-widget_type=\"heading.default\">\n\t\t\t\t<div class=\"elementor-widget-container\">\n\t\t\t\t\t<p class=\"elementor-heading-title elementor-size-default\"><a href=\"tel:3228495144\">(+57) 322 8495144<\/a><\/p>\t\t\t\t<\/div>\n\t\t\t\t<\/div>\n\t\t\t\t\t<\/div>\n\t\t<\/div>\n\t\t\t\t<div class=\"elementor-column elementor-col-33 elementor-inner-column elementor-element elementor-element-416683a\" data-id=\"416683a\" data-element_type=\"column\">\n\t\t\t<div class=\"elementor-widget-wrap elementor-element-populated\">\n\t\t\t\t\t\t<div class=\"elementor-element elementor-element-4e1c435 elementor-view-default elementor-widget elementor-widget-icon\" data-id=\"4e1c435\" data-element_type=\"widget\" data-widget_type=\"icon.default\">\n\t\t\t\t<div class=\"elementor-widget-container\">\n\t\t\t\t\t\t\t<div class=\"elementor-icon-wrapper\">\n\t\t\t<a class=\"elementor-icon\" href=\"mailto:gerenteinsaher@hotmail.com\">\n\t\t\t<i aria-hidden=\"true\" class=\"far fa-envelope\"><\/i>\t\t\t<\/a>\n\t\t<\/div>\n\t\t\t\t\t\t<\/div>\n\t\t\t\t<\/div>\n\t\t\t\t<div class=\"elementor-element elementor-element-51d91ce elementor-widget elementor-widget-heading\" data-id=\"51d91ce\" data-element_type=\"widget\" data-widget_type=\"heading.default\">\n\t\t\t\t<div class=\"elementor-widget-container\">\n\t\t\t\t\t<h6 class=\"elementor-heading-title elementor-size-default\"><a href=\"mailto:gerenteinsaher@hotmail.com\">Correo eletr\u00f3nico<\/a><\/h6>\t\t\t\t<\/div>\n\t\t\t\t<\/div>\n\t\t\t\t<div class=\"elementor-element elementor-element-36fc245 elementor-widget elementor-widget-heading\" data-id=\"36fc245\" data-element_type=\"widget\" data-widget_type=\"heading.default\">\n\t\t\t\t<div class=\"elementor-widget-container\">\n\t\t\t\t\t<p class=\"elementor-heading-title elementor-size-default\"><a href=\"mailto:gerenteinsaher@hotmail.com\">gerenteinsaher@hotmail.com<\/a><\/p>\t\t\t\t<\/div>\n\t\t\t\t<\/div>\n\t\t\t\t\t<\/div>\n\t\t<\/div>\n\t\t\t\t<div class=\"elementor-column elementor-col-33 elementor-inner-column elementor-element elementor-element-54d05a3\" data-id=\"54d05a3\" data-element_type=\"column\">\n\t\t\t<div class=\"elementor-widget-wrap elementor-element-populated\">\n\t\t\t\t\t\t<div class=\"elementor-element elementor-element-0f1cb7b elementor-view-default elementor-widget elementor-widget-icon\" data-id=\"0f1cb7b\" data-element_type=\"widget\" data-widget_type=\"icon.default\">\n\t\t\t\t<div class=\"elementor-widget-container\">\n\t\t\t\t\t\t\t<div class=\"elementor-icon-wrapper\">\n\t\t\t<a class=\"elementor-icon\" href=\"https:\/\/maps.app.goo.gl\/3fQyQhCMDC4gmYpT7\">\n\t\t\t<i aria-hidden=\"true\" class=\"fas fa-map-pin\"><\/i>\t\t\t<\/a>\n\t\t<\/div>\n\t\t\t\t\t\t<\/div>\n\t\t\t\t<\/div>\n\t\t\t\t<div class=\"elementor-element elementor-element-4bfe582 elementor-widget elementor-widget-heading\" data-id=\"4bfe582\" data-element_type=\"widget\" data-widget_type=\"heading.default\">\n\t\t\t\t<div class=\"elementor-widget-container\">\n\t\t\t\t\t<h6 class=\"elementor-heading-title elementor-size-default\"><a href=\"https:\/\/maps.app.goo.gl\/3fQyQhCMDC4gmYpT7\">Ubicaci\u00f3n<\/a><\/h6>\t\t\t\t<\/div>\n\t\t\t\t<\/div>\n\t\t\t\t<div class=\"elementor-element elementor-element-aa0b1bd elementor-widget elementor-widget-heading\" data-id=\"aa0b1bd\" data-element_type=\"widget\" data-widget_type=\"heading.default\">\n\t\t\t\t<div class=\"elementor-widget-container\">\n\t\t\t\t\t<p class=\"elementor-heading-title elementor-size-default\"><a href=\"https:\/\/maps.app.goo.gl\/3fQyQhCMDC4gmYpT7\">33 #29-131 to 29-1, Cartagena de Indias,<\/a><\/p>\t\t\t\t<\/div>\n\t\t\t\t<\/div>\n\t\t\t\t\t<\/div>\n\t\t<\/div>\n\t\t\t\t\t<\/div>\n\t\t<\/section>\n\t\t\t\t<div class=\"elementor-element elementor-element-8c1c793 elementor-widget elementor-widget-spacer\" data-id=\"8c1c793\" data-element_type=\"widget\" data-widget_type=\"spacer.default\">\n\t\t\t\t<div class=\"elementor-widget-container\">\n\t\t\t\t\t\t\t<div class=\"elementor-spacer\">\n\t\t\t<div class=\"elementor-spacer-inner\"><\/div>\n\t\t<\/div>\n\t\t\t\t\t\t<\/div>\n\t\t\t\t<\/div>\n\t\t\t\t<div class=\"elementor-element elementor-element-2af16b5 elementor-widget elementor-widget-spacer\" data-id=\"2af16b5\" data-element_type=\"widget\" data-widget_type=\"spacer.default\">\n\t\t\t\t<div class=\"elementor-widget-container\">\n\t\t\t\t\t\t\t<div class=\"elementor-spacer\">\n\t\t\t<div class=\"elementor-spacer-inner\"><\/div>\n\t\t<\/div>\n\t\t\t\t\t\t<\/div>\n\t\t\t\t<\/div>\n\t\t\t\t<div class=\"elementor-element elementor-element-e24b520 elementor-widget elementor-widget-spacer\" data-id=\"e24b520\" data-element_type=\"widget\" data-widget_type=\"spacer.default\">\n\t\t\t\t<div class=\"elementor-widget-container\">\n\t\t\t\t\t\t\t<div class=\"elementor-spacer\">\n\t\t\t<div class=\"elementor-spacer-inner\"><\/div>\n\t\t<\/div>\n\t\t\t\t\t\t<\/div>\n\t\t\t\t<\/div>\n\t\t\t\t\t<\/div>\n\t\t<\/div>\n\t\t\t\t\t<\/div>\n\t\t<\/section>\n\t\t\t\t<section class=\"elementor-section elementor-top-section elementor-element elementor-element-28300a7 elementor-section-boxed elementor-section-height-default elementor-section-height-default\" data-id=\"28300a7\" data-element_type=\"section\">\n\t\t\t\t\t\t<div class=\"elementor-container elementor-column-gap-default\">\n\t\t\t\t\t<div class=\"elementor-column elementor-col-50 elementor-top-column elementor-element elementor-element-fcd7230\" data-id=\"fcd7230\" data-element_type=\"column\">\n\t\t\t<div class=\"elementor-widget-wrap elementor-element-populated\">\n\t\t\t\t\t\t<div class=\"elementor-element elementor-element-4d596ef elementor-widget elementor-widget-image\" data-id=\"4d596ef\" data-element_type=\"widget\" data-widget_type=\"image.default\">\n\t\t\t\t<div class=\"elementor-widget-container\">\n\t\t\t\t\t\t\t\t\t\t\t\t\t\t\t<img fetchpriority=\"high\" decoding=\"async\" width=\"400\" height=\"465\" src=\"https:\/\/insahersas.com\/wp-content\/uploads\/2023\/06\/equipo-1.png\" class=\"attachment-mobile-srcset size-mobile-srcset wp-image-767\" alt=\"\" srcset=\"https:\/\/insahersas.com\/wp-content\/uploads\/2023\/06\/equipo-1.png 400w, https:\/\/insahersas.com\/wp-content\/uploads\/2023\/06\/equipo-1-258x300.png 258w, https:\/\/insahersas.com\/wp-content\/uploads\/2023\/06\/equipo-1-65x75.png 65w\" sizes=\"(max-width:767px) 400px, 400px\" \/>\t\t\t\t\t\t\t\t\t\t\t\t\t\t\t<\/div>\n\t\t\t\t<\/div>\n\t\t\t\t\t<\/div>\n\t\t<\/div>\n\t\t\t\t<div class=\"elementor-column elementor-col-50 elementor-top-column elementor-element elementor-element-d9b5805\" data-id=\"d9b5805\" data-element_type=\"column\">\n\t\t\t<div class=\"elementor-widget-wrap elementor-element-populated\">\n\t\t\t\t\t\t<div class=\"elementor-element elementor-element-7910a5d elementor-widget elementor-widget-text-editor\" data-id=\"7910a5d\" data-element_type=\"widget\" data-widget_type=\"text-editor.default\">\n\t\t\t\t<div class=\"elementor-widget-container\">\n\t\t\t\t\t\t\t\t\t<p>\n<div class=\"wpcf7 no-js\" id=\"wpcf7-f1492-o1\" lang=\"es-ES\" dir=\"ltr\" data-wpcf7-id=\"1492\">\n<div class=\"screen-reader-response\"><p role=\"status\" aria-live=\"polite\" aria-atomic=\"true\"><\/p> <ul><\/ul><\/div>\n<form action=\"\/en\/wp-json\/wp\/v2\/pages\/97#wpcf7-f1492-o1\" method=\"post\" class=\"wpcf7-form init\" aria-label=\"Formulario de contacto\" novalidate=\"novalidate\" data-status=\"init\" data-trp-original-action=\"\/en\/wp-json\/wp\/v2\/pages\/97#wpcf7-f1492-o1\">\n<fieldset class=\"hidden-fields-container\"><input type=\"hidden\" name=\"_wpcf7\" value=\"1492\" \/><input type=\"hidden\" name=\"_wpcf7_version\" value=\"6.1.5\" \/><input type=\"hidden\" name=\"_wpcf7_locale\" value=\"es_ES\" \/><input type=\"hidden\" name=\"_wpcf7_unit_tag\" value=\"wpcf7-f1492-o1\" \/><input type=\"hidden\" name=\"_wpcf7_container_post\" value=\"0\" \/><input type=\"hidden\" name=\"_wpcf7_posted_data_hash\" value=\"\" \/>\n<\/fieldset>\n<p><label> Your name<br \/>\n<span class=\"wpcf7-form-control-wrap\" data-name=\"your-name\"><input size=\"40\" maxlength=\"400\" class=\"wpcf7-form-control wpcf7-text wpcf7-validates-as-required\" autocomplete=\"name\" aria-required=\"true\" aria-invalid=\"false\" value=\"\" type=\"text\" name=\"your-name\" \/><\/span> <\/label>\n<\/p>\n<p><label> Your email<br \/>\n<span class=\"wpcf7-form-control-wrap\" data-name=\"your-email\"><input size=\"40\" maxlength=\"400\" class=\"wpcf7-form-control wpcf7-email wpcf7-validates-as-required wpcf7-text wpcf7-validates-as-email\" autocomplete=\"email\" aria-required=\"true\" aria-invalid=\"false\" value=\"\" type=\"email\" name=\"your-email\" \/><\/span> <\/label>\n<\/p>\n<p><label> Subject<br \/>\n<span class=\"wpcf7-form-control-wrap\" data-name=\"your-subject\"><input size=\"40\" maxlength=\"400\" class=\"wpcf7-form-control wpcf7-text wpcf7-validates-as-required\" aria-required=\"true\" aria-invalid=\"false\" value=\"\" type=\"text\" name=\"your-subject\" \/><\/span> <\/label>\n<\/p>\n<p><label> Your message (optional)<br \/>\n<span class=\"wpcf7-form-control-wrap\" data-name=\"your-message\"><textarea cols=\"40\" rows=\"10\" maxlength=\"2000\" class=\"wpcf7-form-control wpcf7-textarea\" aria-invalid=\"false\" name=\"your-message\"><\/textarea><\/span> <\/label>\n<\/p>\n<p><input class=\"wpcf7-form-control wpcf7-submit has-spinner\" type=\"submit\" value=\"Send\" \/>\n<\/p><div class=\"wpcf7-response-output\" aria-hidden=\"true\"><\/div>\n<input type=\"hidden\" name=\"trp-form-language\" value=\"en\"\/><\/form>\n<\/div>\n<\/p>\t\t\t\t\t\t\t\t<\/div>\n\t\t\t\t<\/div>\n\t\t\t\t\t<\/div>\n\t\t<\/div>\n\t\t\t\t\t<\/div>\n\t\t<\/section>\n\t\t\t\t<section class=\"elementor-section elementor-top-section elementor-element elementor-element-aeff778 elementor-section-full_width elementor-section-stretched elementor-section-height-default elementor-section-height-default\" data-id=\"aeff778\" data-element_type=\"section\" data-settings=\"{&quot;stretch_section&quot;:&quot;section-stretched&quot;}\">\n\t\t\t\t\t\t<div class=\"elementor-container elementor-column-gap-default\">\n\t\t\t\t\t<div class=\"elementor-column elementor-col-100 elementor-top-column elementor-element elementor-element-d52cc1e\" data-id=\"d52cc1e\" data-element_type=\"column\">\n\t\t\t<div class=\"elementor-widget-wrap elementor-element-populated\">\n\t\t\t\t\t\t<div class=\"elementor-element elementor-element-578ca04 elementor-widget elementor-widget-google_maps\" data-id=\"578ca04\" data-element_type=\"widget\" data-widget_type=\"google_maps.default\">\n\t\t\t\t<div class=\"elementor-widget-container\">\n\t\t\t\t\t\t\t<div class=\"elementor-custom-embed\">\n\t\t\t<iframe\n\t\t\t\t\tdata-src=\"https:\/\/maps.google.com\/maps?q=Inversiones%20Sandoval%20Hern%C3%A1ndez&#038;t=m&#038;z=18&#038;output=embed&#038;iwloc=near\"\n\t\t\t\t\ttitle=\"Inversiones Sandoval Hern\u00e1ndez\"\n\t\t\t\t\taria-label=\"Inversiones Sandoval Hern\u00e1ndez\"\n\t\t\t src=\"data:image\/svg+xml;base64,PHN2ZyB3aWR0aD0iMSIgaGVpZ2h0PSIxIiB4bWxucz0iaHR0cDovL3d3dy53My5vcmcvMjAwMC9zdmciPjwvc3ZnPg==\" class=\"lazyload\" data-load-mode=\"1\"><\/iframe>\n\t\t<\/div>\n\t\t\t\t\t\t<\/div>\n\t\t\t\t<\/div>\n\t\t\t\t\t<\/div>\n\t\t<\/div>\n\t\t\t\t\t<\/div>\n\t\t<\/section>\n\t\t\t\t<\/div>","protected":false},"excerpt":{"rendered":"<p>Contacto Conf\u00eda en nuestra experiencia y profesionalismo para proporcionar el mejor servicio de alimentaci\u00f3n institucional a tu empresa. Tel\u00e9fono (+57) 322 8495144 Correo eletr\u00f3nico gerenteinsaher@hotmail.com Ubicaci\u00f3n<span class=\"excerpt-hellip\"> [\u2026]<\/span><\/p>\n","protected":false},"author":1,"featured_media":0,"parent":0,"menu_order":0,"comment_status":"open","ping_status":"closed","template":"","meta":{"_joinchat":[],"footnotes":""},"class_list":["post-97","page","type-page","status-publish","hentry"],"yoast_head":"<!-- This site is optimized with the Yoast SEO plugin v27.2 - https:\/\/yoast.com\/product\/yoast-seo-wordpress\/ -->\n<title>Contacto Insaher \u2013 Servicios de alimentaci\u00f3n institucional<\/title>\n<meta name=\"description\" content=\"Comun\u00edcate con Insaher para servicios de alimentaci\u00f3n institucional, catering empresarial y cafeter\u00edas industriales en Cartagena.\" \/>\n<meta name=\"robots\" content=\"index, follow, max-snippet:-1, max-image-preview:large, max-video-preview:-1\" \/>\n<link rel=\"canonical\" href=\"https:\/\/insahersas.com\/en\/contacto-insaher\/\" \/>\n<meta property=\"og:locale\" content=\"en_US\" \/>\n<meta property=\"og:type\" content=\"article\" \/>\n<meta property=\"og:title\" content=\"Contacto Insaher \u2013 Servicios de alimentaci\u00f3n institucional\" \/>\n<meta property=\"og:description\" content=\"Comun\u00edcate con Insaher para servicios de alimentaci\u00f3n institucional, catering empresarial y cafeter\u00edas industriales en Cartagena.\" \/>\n<meta property=\"og:url\" content=\"https:\/\/insahersas.com\/en\/contacto-insaher\/\" \/>\n<meta property=\"og:site_name\" content=\"Inversiones Sandoval Hernandez S.A.S\" \/>\n<meta property=\"article:modified_time\" content=\"2025-12-09T22:01:43+00:00\" \/>\n<meta property=\"og:image\" content=\"https:\/\/insahersas.com\/wp-content\/uploads\/2023\/06\/equipo-1.png\" \/>\n<meta name=\"twitter:card\" content=\"summary_large_image\" \/>\n<meta name=\"twitter:label1\" content=\"Est. reading time\" \/>\n\t<meta name=\"twitter:data1\" content=\"1 minute\" \/>\n<script type=\"application\/ld+json\" class=\"yoast-schema-graph\">{\"@context\":\"https:\/\/schema.org\",\"@graph\":[{\"@type\":\"WebPage\",\"@id\":\"https:\/\/insahersas.com\/contacto-insaher\/\",\"url\":\"https:\/\/insahersas.com\/contacto-insaher\/\",\"name\":\"Contacto Insaher \u2013 Servicios de alimentaci\u00f3n institucional\",\"isPartOf\":{\"@id\":\"https:\/\/insahersas.com\/#website\"},\"primaryImageOfPage\":{\"@id\":\"https:\/\/insahersas.com\/contacto-insaher\/#primaryimage\"},\"image\":{\"@id\":\"https:\/\/insahersas.com\/contacto-insaher\/#primaryimage\"},\"thumbnailUrl\":\"https:\/\/insahersas.com\/wp-content\/uploads\/2023\/06\/equipo-1.png\",\"datePublished\":\"2021-08-09T14:38:10+00:00\",\"dateModified\":\"2025-12-09T22:01:43+00:00\",\"description\":\"Comun\u00edcate con Insaher para servicios de alimentaci\u00f3n institucional, catering empresarial y cafeter\u00edas industriales en Cartagena.\",\"breadcrumb\":{\"@id\":\"https:\/\/insahersas.com\/contacto-insaher\/#breadcrumb\"},\"inLanguage\":\"en-US\",\"potentialAction\":[{\"@type\":\"ReadAction\",\"target\":[\"https:\/\/insahersas.com\/contacto-insaher\/\"]}]},{\"@type\":\"ImageObject\",\"inLanguage\":\"en-US\",\"@id\":\"https:\/\/insahersas.com\/contacto-insaher\/#primaryimage\",\"url\":\"https:\/\/insahersas.com\/wp-content\/uploads\/2023\/06\/equipo-1.png\",\"contentUrl\":\"https:\/\/insahersas.com\/wp-content\/uploads\/2023\/06\/equipo-1.png\"},{\"@type\":\"BreadcrumbList\",\"@id\":\"https:\/\/insahersas.com\/contacto-insaher\/#breadcrumb\",\"itemListElement\":[{\"@type\":\"ListItem\",\"position\":1,\"name\":\"Portada\",\"item\":\"https:\/\/insahersas.com\/\"},{\"@type\":\"ListItem\",\"position\":2,\"name\":\"CONTACTO\"}]},{\"@type\":\"WebSite\",\"@id\":\"https:\/\/insahersas.com\/#website\",\"url\":\"https:\/\/insahersas.com\/\",\"name\":\"Inversiones Sandoval Hernandez S.A.S\",\"description\":\"INSAHER S.A.S. es una empresa s\u00f3lida con unidades de negocio que destacan en administraci\u00f3n de restaurantes, cafeter\u00edas industriales, organizaci\u00f3n de eventos sociales y corporativos, as\u00ed como operaci\u00f3n de congresos y ferias.\",\"publisher\":{\"@id\":\"https:\/\/insahersas.com\/#organization\"},\"potentialAction\":[{\"@type\":\"SearchAction\",\"target\":{\"@type\":\"EntryPoint\",\"urlTemplate\":\"https:\/\/insahersas.com\/?s={search_term_string}\"},\"query-input\":{\"@type\":\"PropertyValueSpecification\",\"valueRequired\":true,\"valueName\":\"search_term_string\"}}],\"inLanguage\":\"en-US\"},{\"@type\":\"Organization\",\"@id\":\"https:\/\/insahersas.com\/#organization\",\"name\":\"Inversiones Sandoval Hernandez S.A.S\",\"url\":\"https:\/\/insahersas.com\/\",\"logo\":{\"@type\":\"ImageObject\",\"inLanguage\":\"en-US\",\"@id\":\"https:\/\/insahersas.com\/#\/schema\/logo\/image\/\",\"url\":\"https:\/\/insahersas.com\/wp-content\/uploads\/2023\/05\/logo-color-inversiones-sandoval-2.png\",\"contentUrl\":\"https:\/\/insahersas.com\/wp-content\/uploads\/2023\/05\/logo-color-inversiones-sandoval-2.png\",\"width\":219,\"height\":103,\"caption\":\"Inversiones Sandoval Hernandez S.A.S\"},\"image\":{\"@id\":\"https:\/\/insahersas.com\/#\/schema\/logo\/image\/\"}}]}<\/script>\n<!-- \/ Yoast SEO plugin. -->","yoast_head_json":{"title":"Contacto Insaher \u2013 Servicios de alimentaci\u00f3n institucional","description":"Comun\u00edcate con Insaher para servicios de alimentaci\u00f3n institucional, catering empresarial y cafeter\u00edas industriales en Cartagena.","robots":{"index":"index","follow":"follow","max-snippet":"max-snippet:-1","max-image-preview":"max-image-preview:large","max-video-preview":"max-video-preview:-1"},"canonical":"https:\/\/insahersas.com\/en\/contacto-insaher\/","og_locale":"en_US","og_type":"article","og_title":"Contacto Insaher \u2013 Servicios de alimentaci\u00f3n institucional","og_description":"Comun\u00edcate con Insaher para servicios de alimentaci\u00f3n institucional, catering empresarial y cafeter\u00edas industriales en Cartagena.","og_url":"https:\/\/insahersas.com\/en\/contacto-insaher\/","og_site_name":"Inversiones Sandoval Hernandez S.A.S","article_modified_time":"2025-12-09T22:01:43+00:00","og_image":[{"url":"https:\/\/insahersas.com\/wp-content\/uploads\/2023\/06\/equipo-1.png","type":"","width":"","height":""}],"twitter_card":"summary_large_image","twitter_misc":{"Est. reading time":"1 minute"},"schema":{"@context":"https:\/\/schema.org","@graph":[{"@type":"WebPage","@id":"https:\/\/insahersas.com\/contacto-insaher\/","url":"https:\/\/insahersas.com\/contacto-insaher\/","name":"Contacto Insaher \u2013 Servicios de alimentaci\u00f3n institucional","isPartOf":{"@id":"https:\/\/insahersas.com\/#website"},"primaryImageOfPage":{"@id":"https:\/\/insahersas.com\/contacto-insaher\/#primaryimage"},"image":{"@id":"https:\/\/insahersas.com\/contacto-insaher\/#primaryimage"},"thumbnailUrl":"https:\/\/insahersas.com\/wp-content\/uploads\/2023\/06\/equipo-1.png","datePublished":"2021-08-09T14:38:10+00:00","dateModified":"2025-12-09T22:01:43+00:00","description":"Comun\u00edcate con Insaher para servicios de alimentaci\u00f3n institucional, catering empresarial y cafeter\u00edas industriales en Cartagena.","breadcrumb":{"@id":"https:\/\/insahersas.com\/contacto-insaher\/#breadcrumb"},"inLanguage":"en-US","potentialAction":[{"@type":"ReadAction","target":["https:\/\/insahersas.com\/contacto-insaher\/"]}]},{"@type":"ImageObject","inLanguage":"en-US","@id":"https:\/\/insahersas.com\/contacto-insaher\/#primaryimage","url":"https:\/\/insahersas.com\/wp-content\/uploads\/2023\/06\/equipo-1.png","contentUrl":"https:\/\/insahersas.com\/wp-content\/uploads\/2023\/06\/equipo-1.png"},{"@type":"BreadcrumbList","@id":"https:\/\/insahersas.com\/contacto-insaher\/#breadcrumb","itemListElement":[{"@type":"ListItem","position":1,"name":"Portada","item":"https:\/\/insahersas.com\/"},{"@type":"ListItem","position":2,"name":"CONTACTO"}]},{"@type":"WebSite","@id":"https:\/\/insahersas.com\/#website","url":"https:\/\/insahersas.com\/","name":"Sandoval Hernandez Investments S.A.S","description":"INSAHER S.A.S. es una empresa s\u00f3lida con unidades de negocio que destacan en administraci\u00f3n de restaurantes, cafeter\u00edas industriales, organizaci\u00f3n de eventos sociales y corporativos, as\u00ed como operaci\u00f3n de congresos y ferias.","publisher":{"@id":"https:\/\/insahersas.com\/#organization"},"potentialAction":[{"@type":"SearchAction","target":{"@type":"EntryPoint","urlTemplate":"https:\/\/insahersas.com\/?s={search_term_string}"},"query-input":{"@type":"PropertyValueSpecification","valueRequired":true,"valueName":"search_term_string"}}],"inLanguage":"en-US"},{"@type":"Organization","@id":"https:\/\/insahersas.com\/#organization","name":"Sandoval Hernandez Investments S.A.S","url":"https:\/\/insahersas.com\/","logo":{"@type":"ImageObject","inLanguage":"en-US","@id":"https:\/\/insahersas.com\/#\/schema\/logo\/image\/","url":"https:\/\/insahersas.com\/wp-content\/uploads\/2023\/05\/logo-color-inversiones-sandoval-2.png","contentUrl":"https:\/\/insahersas.com\/wp-content\/uploads\/2023\/05\/logo-color-inversiones-sandoval-2.png","width":219,"height":103,"caption":"Inversiones Sandoval Hernandez S.A.S"},"image":{"@id":"https:\/\/insahersas.com\/#\/schema\/logo\/image\/"}}]}},"_links":{"self":[{"href":"https:\/\/insahersas.com\/en\/wp-json\/wp\/v2\/pages\/97","targetHints":{"allow":["GET"]}}],"collection":[{"href":"https:\/\/insahersas.com\/en\/wp-json\/wp\/v2\/pages"}],"about":[{"href":"https:\/\/insahersas.com\/en\/wp-json\/wp\/v2\/types\/page"}],"author":[{"embeddable":true,"href":"https:\/\/insahersas.com\/en\/wp-json\/wp\/v2\/users\/1"}],"replies":[{"embeddable":true,"href":"https:\/\/insahersas.com\/en\/wp-json\/wp\/v2\/comments?post=97"}],"version-history":[{"count":65,"href":"https:\/\/insahersas.com\/en\/wp-json\/wp\/v2\/pages\/97\/revisions"}],"predecessor-version":[{"id":1506,"href":"https:\/\/insahersas.com\/en\/wp-json\/wp\/v2\/pages\/97\/revisions\/1506"}],"wp:attachment":[{"href":"https:\/\/insahersas.com\/en\/wp-json\/wp\/v2\/media?parent=97"}],"curies":[{"name":"wp","href":"https:\/\/api.w.org\/{rel}","templated":true}]}}